{"id":66,"date":"2025-11-22T20:46:13","date_gmt":"2025-11-22T19:46:13","guid":{"rendered":"https:\/\/twolefthands.pl\/?page_id=66"},"modified":"2026-02-01T20:12:34","modified_gmt":"2026-02-01T19:12:34","slug":"strona-domowa","status":"publish","type":"page","link":"https:\/\/twolefthands.pl\/","title":{"rendered":""},"content":{"rendered":"\t\t<div data-elementor-type=\"wp-page\" data-elementor-id=\"66\" class=\"elementor elementor-66\">\n\t\t\t\t<div class=\"elementor-element elementor-element-3980bab e-flex e-con-boxed e-con e-parent\" data-id=\"3980bab\" data-element_type=\"container\" data-settings=\"{&quot;background_background&quot;:&quot;classic&quot;}\">\n\t\t\t\t\t<div class=\"e-con-inner\">\n\t\t\t\t\t<\/div>\n\t\t\t\t<\/div>\n\t\t<div class=\"elementor-element elementor-element-90c93e5 e-flex e-con-boxed e-con e-parent\" data-id=\"90c93e5\" data-element_type=\"container\">\n\t\t\t\t\t<div class=\"e-con-inner\">\n\t\t<div class=\"elementor-element elementor-element-9a7ca6d e-con-full e-flex e-con e-child\" data-id=\"9a7ca6d\" data-element_type=\"container\">\n\t\t\t\t<div class=\"elementor-element elementor-element-104070a elementor-widget elementor-widget-image\" data-id=\"104070a\" data-element_type=\"widget\" data-widget_type=\"image.default\">\n\t\t\t\t\t\t\t\t\t\t\t\t\t\t\t<img decoding=\"async\" width=\"150\" height=\"150\" src=\"https:\/\/twolefthands.pl\/wp-content\/uploads\/2026\/01\/Beige-White-Minimal-Simple-Modern-Classic-Fitness-And-Spa-Sand-Logo-3-150x150.png\" class=\"attachment-thumbnail size-thumbnail wp-image-206\" alt=\"\" srcset=\"https:\/\/twolefthands.pl\/wp-content\/uploads\/2026\/01\/Beige-White-Minimal-Simple-Modern-Classic-Fitness-And-Spa-Sand-Logo-3-150x150.png 150w, https:\/\/twolefthands.pl\/wp-content\/uploads\/2026\/01\/Beige-White-Minimal-Simple-Modern-Classic-Fitness-And-Spa-Sand-Logo-3-300x300.png 300w, https:\/\/twolefthands.pl\/wp-content\/uploads\/2026\/01\/Beige-White-Minimal-Simple-Modern-Classic-Fitness-And-Spa-Sand-Logo-3-100x100.png 100w, https:\/\/twolefthands.pl\/wp-content\/uploads\/2026\/01\/Beige-White-Minimal-Simple-Modern-Classic-Fitness-And-Spa-Sand-Logo-3.png 500w\" sizes=\"(max-width: 150px) 100vw, 150px\" \/>\t\t\t\t\t\t\t\t\t\t\t\t\t\t\t<\/div>\n\t\t\t\t<div class=\"elementor-element elementor-element-b956e9b elementor-widget elementor-widget-text-editor\" data-id=\"b956e9b\" data-element_type=\"widget\" data-widget_type=\"text-editor.default\">\n\t\t\t\t\t\t\t\t\t<p>Produkty wykonane r\u0119cznie<\/p>\t\t\t\t\t\t\t\t<\/div>\n\t\t\t\t<\/div>\n\t\t<div class=\"elementor-element elementor-element-6bc7b51 e-con-full e-flex e-con e-child\" data-id=\"6bc7b51\" data-element_type=\"container\">\n\t\t\t\t<div class=\"elementor-element elementor-element-7ca1011 elementor-widget elementor-widget-image\" data-id=\"7ca1011\" data-element_type=\"widget\" data-widget_type=\"image.default\">\n\t\t\t\t\t\t\t\t\t\t\t\t\t\t\t<img decoding=\"async\" width=\"150\" height=\"150\" src=\"https:\/\/twolefthands.pl\/wp-content\/uploads\/2026\/01\/Beige-White-Minimal-Simple-Modern-Classic-Fitness-And-Spa-Sand-Logo-2-150x150.png\" class=\"attachment-thumbnail size-thumbnail wp-image-205\" alt=\"\" srcset=\"https:\/\/twolefthands.pl\/wp-content\/uploads\/2026\/01\/Beige-White-Minimal-Simple-Modern-Classic-Fitness-And-Spa-Sand-Logo-2-150x150.png 150w, https:\/\/twolefthands.pl\/wp-content\/uploads\/2026\/01\/Beige-White-Minimal-Simple-Modern-Classic-Fitness-And-Spa-Sand-Logo-2-300x300.png 300w, https:\/\/twolefthands.pl\/wp-content\/uploads\/2026\/01\/Beige-White-Minimal-Simple-Modern-Classic-Fitness-And-Spa-Sand-Logo-2-100x100.png 100w, https:\/\/twolefthands.pl\/wp-content\/uploads\/2026\/01\/Beige-White-Minimal-Simple-Modern-Classic-Fitness-And-Spa-Sand-Logo-2.png 500w\" sizes=\"(max-width: 150px) 100vw, 150px\" \/>\t\t\t\t\t\t\t\t\t\t\t\t\t\t\t<\/div>\n\t\t\t\t<div class=\"elementor-element elementor-element-016a1e2 elementor-widget elementor-widget-text-editor\" data-id=\"016a1e2\" data-element_type=\"widget\" data-widget_type=\"text-editor.default\">\n\t\t\t\t\t\t\t\t\t<p>Dba\u0142o\u015b\u0107 o ka\u017cd\u0105 wysy\u0142k\u0119<\/p>\t\t\t\t\t\t\t\t<\/div>\n\t\t\t\t<\/div>\n\t\t<div class=\"elementor-element elementor-element-e2cf3d9 e-con-full e-flex e-con e-child\" data-id=\"e2cf3d9\" data-element_type=\"container\">\n\t\t\t\t<div class=\"elementor-element elementor-element-00b4f04 elementor-widget elementor-widget-image\" data-id=\"00b4f04\" data-element_type=\"widget\" data-widget_type=\"image.default\">\n\t\t\t\t\t\t\t\t\t\t\t\t\t\t\t<img decoding=\"async\" width=\"150\" height=\"150\" src=\"https:\/\/twolefthands.pl\/wp-content\/uploads\/2026\/01\/Beige-White-Minimal-Simple-Modern-Classic-Fitness-And-Spa-Sand-Logo-5-150x150.png\" class=\"attachment-thumbnail size-thumbnail wp-image-207\" alt=\"\" srcset=\"https:\/\/twolefthands.pl\/wp-content\/uploads\/2026\/01\/Beige-White-Minimal-Simple-Modern-Classic-Fitness-And-Spa-Sand-Logo-5-150x150.png 150w, https:\/\/twolefthands.pl\/wp-content\/uploads\/2026\/01\/Beige-White-Minimal-Simple-Modern-Classic-Fitness-And-Spa-Sand-Logo-5-300x300.png 300w, https:\/\/twolefthands.pl\/wp-content\/uploads\/2026\/01\/Beige-White-Minimal-Simple-Modern-Classic-Fitness-And-Spa-Sand-Logo-5-100x100.png 100w, https:\/\/twolefthands.pl\/wp-content\/uploads\/2026\/01\/Beige-White-Minimal-Simple-Modern-Classic-Fitness-And-Spa-Sand-Logo-5.png 500w\" sizes=\"(max-width: 150px) 100vw, 150px\" \/>\t\t\t\t\t\t\t\t\t\t\t\t\t\t\t<\/div>\n\t\t\t\t<div class=\"elementor-element elementor-element-470fe92 elementor-widget elementor-widget-text-editor\" data-id=\"470fe92\" data-element_type=\"widget\" data-widget_type=\"text-editor.default\">\n\t\t\t\t\t\t\t\t\t<p>Wyj\u0105tkowe warsztaty<\/p>\t\t\t\t\t\t\t\t<\/div>\n\t\t\t\t<\/div>\n\t\t<div class=\"elementor-element elementor-element-23be88e e-con-full e-flex e-con e-child\" data-id=\"23be88e\" data-element_type=\"container\">\n\t\t\t\t<div class=\"elementor-element elementor-element-0773f53 elementor-widget elementor-widget-image\" data-id=\"0773f53\" data-element_type=\"widget\" data-widget_type=\"image.default\">\n\t\t\t\t\t\t\t\t\t\t\t\t\t\t\t<img loading=\"lazy\" decoding=\"async\" width=\"150\" height=\"150\" src=\"https:\/\/twolefthands.pl\/wp-content\/uploads\/2026\/01\/Beige-White-Minimal-Simple-Modern-Classic-Fitness-And-Spa-Sand-Logo-6-150x150.png\" class=\"attachment-thumbnail size-thumbnail wp-image-208\" alt=\"\" srcset=\"https:\/\/twolefthands.pl\/wp-content\/uploads\/2026\/01\/Beige-White-Minimal-Simple-Modern-Classic-Fitness-And-Spa-Sand-Logo-6-150x150.png 150w, https:\/\/twolefthands.pl\/wp-content\/uploads\/2026\/01\/Beige-White-Minimal-Simple-Modern-Classic-Fitness-And-Spa-Sand-Logo-6-300x300.png 300w, https:\/\/twolefthands.pl\/wp-content\/uploads\/2026\/01\/Beige-White-Minimal-Simple-Modern-Classic-Fitness-And-Spa-Sand-Logo-6-100x100.png 100w, https:\/\/twolefthands.pl\/wp-content\/uploads\/2026\/01\/Beige-White-Minimal-Simple-Modern-Classic-Fitness-And-Spa-Sand-Logo-6.png 500w\" sizes=\"(max-width: 150px) 100vw, 150px\" \/>\t\t\t\t\t\t\t\t\t\t\t\t\t\t\t<\/div>\n\t\t\t\t<div class=\"elementor-element elementor-element-1f97f23 elementor-widget elementor-widget-text-editor\" data-id=\"1f97f23\" data-element_type=\"widget\" data-widget_type=\"text-editor.default\">\n\t\t\t\t\t\t\t\t\t<p>Bezpieczna paczka i p\u0142atno\u015bci<\/p>\t\t\t\t\t\t\t\t<\/div>\n\t\t\t\t<\/div>\n\t\t\t\t\t<\/div>\n\t\t\t\t<\/div>\n\t\t<div class=\"elementor-element elementor-element-d5f6116 e-flex e-con-boxed e-con e-parent\" data-id=\"d5f6116\" data-element_type=\"container\">\n\t\t\t\t\t<div class=\"e-con-inner\">\n\t\t\t\t\t<\/div>\n\t\t\t\t<\/div>\n\t\t<div class=\"elementor-element elementor-element-d80ed93 e-con-full e-flex e-con e-parent\" data-id=\"d80ed93\" data-element_type=\"container\" data-settings=\"{&quot;background_background&quot;:&quot;classic&quot;}\">\n\t\t<div class=\"elementor-element elementor-element-84af2c4 e-con-full e-flex e-con e-child\" data-id=\"84af2c4\" data-element_type=\"container\" data-settings=\"{&quot;background_background&quot;:&quot;classic&quot;}\">\n\t\t\t\t<\/div>\n\t\t<div class=\"elementor-element elementor-element-9491d19 e-con-full e-flex e-con e-child\" data-id=\"9491d19\" data-element_type=\"container\">\n\t\t\t\t<div class=\"elementor-element elementor-element-3c966b6 elementor-widget elementor-widget-heading\" data-id=\"3c966b6\" data-element_type=\"widget\" data-widget_type=\"heading.default\">\n\t\t\t\t\t<h2 class=\"elementor-heading-title elementor-size-default\">Gwiazdozbiory na p\u0142\u00f3tnie<\/h2>\t\t\t\t<\/div>\n\t\t\t\t<div class=\"elementor-element elementor-element-ffb1fde elementor-widget elementor-widget-text-editor\" data-id=\"ffb1fde\" data-element_type=\"widget\" data-widget_type=\"text-editor.default\">\n\t\t\t\t\t\t\t\t\t<p>Lorem ipsum dolor sit amet, consectetur \u015b\u015b\u015b\u0107\u0107\u0107\u0107elit. Ut elit tellus, luctus nec ullamcorper mattis, pulvinar dapibus leo.<\/p><p>fasdsdfsdafsadfsdafdsfasfasfasdf<br \/>gkjfj mnore st o sruvreiiwraeksfda fsad\u00a0 wf wer rt ewt ewt wre\u00a0<\/p>\t\t\t\t\t\t\t\t<\/div>\n\t\t\t\t<div class=\"elementor-element elementor-element-82ff358 elementor-align-center elementor-widget elementor-widget-button\" data-id=\"82ff358\" data-element_type=\"widget\" data-widget_type=\"button.default\">\n\t\t\t\t\t\t\t\t\t\t<a class=\"elementor-button elementor-button-link elementor-size-sm\" href=\"#\">\n\t\t\t\t\t\t<span class=\"elementor-button-content-wrapper\">\n\t\t\t\t\t\t\t\t\t<span class=\"elementor-button-text\">Zobacz<\/span>\n\t\t\t\t\t<\/span>\n\t\t\t\t\t<\/a>\n\t\t\t\t\t\t\t\t<\/div>\n\t\t\t\t<\/div>\n\t\t\t\t<\/div>\n\t\t<div class=\"elementor-element elementor-element-c543479 e-con-full e-flex e-con e-parent\" data-id=\"c543479\" data-element_type=\"container\">\n\t\t<div class=\"elementor-element elementor-element-accc127 e-con-full e-flex e-con e-child\" data-id=\"accc127\" data-element_type=\"container\" data-settings=\"{&quot;background_background&quot;:&quot;classic&quot;}\">\n\t\t\t\t<div class=\"elementor-element elementor-element-044a8d9 elementor-widget elementor-widget-button\" data-id=\"044a8d9\" data-element_type=\"widget\" data-widget_type=\"button.default\">\n\t\t\t\t\t\t\t\t\t\t<a class=\"elementor-button elementor-button-link elementor-size-sm\" href=\"#\">\n\t\t\t\t\t\t<span class=\"elementor-button-content-wrapper\">\n\t\t\t\t\t\t\t\t\t<span class=\"elementor-button-text\">Zobacz<\/span>\n\t\t\t\t\t<\/span>\n\t\t\t\t\t<\/a>\n\t\t\t\t\t\t\t\t<\/div>\n\t\t\t\t<\/div>\n\t\t<div class=\"elementor-element elementor-element-fcfe152 e-con-full e-flex e-con e-child\" data-id=\"fcfe152\" data-element_type=\"container\" data-settings=\"{&quot;background_background&quot;:&quot;classic&quot;}\">\n\t\t\t\t<div class=\"elementor-element elementor-element-50c38e1 elementor-widget elementor-widget-button\" data-id=\"50c38e1\" data-element_type=\"widget\" data-widget_type=\"button.default\">\n\t\t\t\t\t\t\t\t\t\t<a class=\"elementor-button elementor-button-link elementor-size-sm\" href=\"#\">\n\t\t\t\t\t\t<span class=\"elementor-button-content-wrapper\">\n\t\t\t\t\t\t\t\t\t<span class=\"elementor-button-text\">Zobacz<\/span>\n\t\t\t\t\t<\/span>\n\t\t\t\t\t<\/a>\n\t\t\t\t\t\t\t\t<\/div>\n\t\t\t\t<\/div>\n\t\t<div class=\"elementor-element elementor-element-3b7792d e-con-full e-flex e-con e-child\" data-id=\"3b7792d\" data-element_type=\"container\" data-settings=\"{&quot;background_background&quot;:&quot;classic&quot;}\">\n\t\t\t\t<div class=\"elementor-element elementor-element-021c5c4 elementor-widget elementor-widget-button\" data-id=\"021c5c4\" data-element_type=\"widget\" data-widget_type=\"button.default\">\n\t\t\t\t\t\t\t\t\t\t<a class=\"elementor-button elementor-button-link elementor-size-sm\" href=\"#\">\n\t\t\t\t\t\t<span class=\"elementor-button-content-wrapper\">\n\t\t\t\t\t\t\t\t\t<span class=\"elementor-button-text\">Zobacz<\/span>\n\t\t\t\t\t<\/span>\n\t\t\t\t\t<\/a>\n\t\t\t\t\t\t\t\t<\/div>\n\t\t\t\t<\/div>\n\t\t\t\t<\/div>\n\t\t<div class=\"elementor-element elementor-element-2a2b842 e-flex e-con-boxed e-con e-parent\" data-id=\"2a2b842\" data-element_type=\"container\">\n\t\t\t\t\t<div class=\"e-con-inner\">\n\t\t<div class=\"elementor-element elementor-element-75f7a5f e-con-full e-flex e-con e-child\" data-id=\"75f7a5f\" data-element_type=\"container\">\n\t\t\t\t<div class=\"elementor-element elementor-element-8d2dd11 elementor-widget elementor-widget-heading\" data-id=\"8d2dd11\" data-element_type=\"widget\" data-widget_type=\"heading.default\">\n\t\t\t\t\t<h2 class=\"elementor-heading-title elementor-size-default\">Nowe produkty<\/h2>\t\t\t\t<\/div>\n\t\t\t\t<\/div>\n\t\t<div class=\"elementor-element elementor-element-69f43e6 e-con-full e-flex e-con e-child\" data-id=\"69f43e6\" data-element_type=\"container\">\n\t\t\t\t<div class=\"elementor-element elementor-element-7973490 elementor-widget elementor-widget-text-editor\" data-id=\"7973490\" data-element_type=\"widget\" data-widget_type=\"text-editor.default\">\n\t\t\t\t\t\t\t\t\t<p>Stycze\u0144 2026<\/p>\t\t\t\t\t\t\t\t<\/div>\n\t\t\t\t<\/div>\n\t\t\t\t\t<\/div>\n\t\t\t\t<\/div>\n\t\t\t\t<\/div>\n\t\t","protected":false},"excerpt":{"rendered":"<p>Produkty wykonane r\u0119cznie Dba\u0142o\u015b\u0107 o ka\u017cd\u0105 wysy\u0142k\u0119 Wyj\u0105tkowe warsztaty Bezpieczna paczka i p\u0142atno\u015bci Gwiazdozbiory na p\u0142\u00f3tnie Lorem ipsum dolor sit [&hellip;]<\/p>\n","protected":false},"author":1,"featured_media":0,"parent":0,"menu_order":0,"comment_status":"closed","ping_status":"closed","template":"","meta":{"site-sidebar-layout":"no-sidebar","site-content-layout":"plain-container","ast-site-content-layout":"default","site-content-style":"default","site-sidebar-style":"default","ast-global-header-display":"","ast-banner-title-visibility":"","ast-main-header-display":"","ast-hfb-above-header-display":"","ast-hfb-below-header-display":"","ast-hfb-mobile-header-display":"","site-post-title":"","ast-breadcrumbs-content":"","ast-featured-img":"","footer-sml-layout":"","theme-transparent-header-meta":"enabled","adv-header-id-meta":"","stick-header-meta":"","header-above-stick-meta":"","header-main-stick-meta":"","header-below-stick-meta":"","astra-migrate-meta-layouts":"default","ast-page-background-enabled":"default","ast-page-background-meta":{"desktop":{"background-color":"var(--ast-global-color-5)","background-image":"","background-repeat":"repeat","background-position":"center center","background-size":"auto","background-attachment":"scroll","background-type":"","background-media":"","overlay-type":"","overlay-color":"","overlay-opacity":"","overlay-gradient":""},"tablet":{"background-color":"","background-image":"","background-repeat":"repeat","background-position":"center center","background-size":"auto","background-attachment":"scroll","background-type":"","background-media":"","overlay-type":"","overlay-color":"","overlay-opacity":"","overlay-gradient":""},"mobile":{"background-color":"","background-image":"","background-repeat":"repeat","background-position":"center center","background-size":"auto","background-attachment":"scroll","background-type":"","background-media":"","overlay-type":"","overlay-color":"","overlay-opacity":"","overlay-gradient":""}},"ast-content-background-meta":{"desktop":{"background-color":"var(--ast-global-color-4)","background-image":"","background-repeat":"repeat","background-position":"center center","background-size":"auto","background-attachment":"scroll","background-type":"","background-media":"","overlay-type":"","overlay-color":"","overlay-opacity":"","overlay-gradient":""},"tablet":{"background-color":"var(--ast-global-color-4)","background-image":"","background-repeat":"repeat","background-position":"center center","background-size":"auto","background-attachment":"scroll","background-type":"","background-media":"","overlay-type":"","overlay-color":"","overlay-opacity":"","overlay-gradient":""},"mobile":{"background-color":"var(--ast-global-color-4)","background-image":"","background-repeat":"repeat","background-position":"center center","background-size":"auto","background-attachment":"scroll","background-type":"","background-media":"","overlay-type":"","overlay-color":"","overlay-opacity":"","overlay-gradient":""}},"footnotes":""},"class_list":["post-66","page","type-page","status-publish","hentry"],"_links":{"self":[{"href":"https:\/\/twolefthands.pl\/index.php?rest_route=\/wp\/v2\/pages\/66","targetHints":{"allow":["GET"]}}],"collection":[{"href":"https:\/\/twolefthands.pl\/index.php?rest_route=\/wp\/v2\/pages"}],"about":[{"href":"https:\/\/twolefthands.pl\/index.php?rest_route=\/wp\/v2\/types\/page"}],"author":[{"embeddable":true,"href":"https:\/\/twolefthands.pl\/index.php?rest_route=\/wp\/v2\/users\/1"}],"replies":[{"embeddable":true,"href":"https:\/\/twolefthands.pl\/index.php?rest_route=%2Fwp%2Fv2%2Fcomments&post=66"}],"version-history":[{"count":63,"href":"https:\/\/twolefthands.pl\/index.php?rest_route=\/wp\/v2\/pages\/66\/revisions"}],"predecessor-version":[{"id":1838,"href":"https:\/\/twolefthands.pl\/index.php?rest_route=\/wp\/v2\/pages\/66\/revisions\/1838"}],"wp:attachment":[{"href":"https:\/\/twolefthands.pl\/index.php?rest_route=%2Fwp%2Fv2%2Fmedia&parent=66"}],"curies":[{"name":"wp","href":"https:\/\/api.w.org\/{rel}","templated":true}]}}